{"id":38782,"date":"2025-05-01T17:30:10","date_gmt":"2025-05-01T15:30:10","guid":{"rendered":"https:\/\/www.postex.com\/?page_id=38782"},"modified":"2026-02-17T15:16:17","modified_gmt":"2026-02-17T14:16:17","slug":"kommunen","status":"publish","type":"page","link":"https:\/\/www.postex.com\/de\/plattform\/kommunen\/","title":{"rendered":"Kommunen"},"content":{"rendered":"","protected":false},"excerpt":{"rendered":"","protected":false},"author":1,"featured_media":0,"parent":1993,"menu_order":17,"comment_status":"closed","ping_status":"closed","template":"","meta":{"inline_featured_image":false,"_genesis_hide_title":false,"_genesis_hide_breadcrumbs":false,"_genesis_hide_singular_image":false,"_genesis_hide_footer_widgets":false,"_genesis_custom_body_class":"","_genesis_custom_post_class":"","_genesis_layout":"","footnotes":""},"class_list":{"0":"post-38782","1":"page","2":"type-page","3":"status-publish","5":"entry"},"yoast_head":"<!-- This site is optimized with the Yoast SEO plugin v27.4 - https:\/\/yoast.com\/product\/yoast-seo-wordpress\/ -->\n<title>Postex f\u00fcr Beh\u00f6rden &#8226; Sicher und gezielt kommunizieren<\/title>\n<meta name=\"description\" content=\"Erhalten Sie Einblick in Dokumentenfl\u00fcsse, liefern Sie in die Nachrichtenbox und erm\u00f6glichen Sie Online-Zahlung \u2013 mit Postex.\" \/>\n<meta name=\"robots\" content=\"index, follow, max-snippet:-1, max-image-preview:large, max-video-preview:-1\" \/>\n<link rel=\"canonical\" href=\"https:\/\/www.postex.com\/de\/plattform\/kommunen\/\" \/>\n<meta property=\"og:locale\" content=\"de_DE\" \/>\n<meta property=\"og:type\" content=\"article\" \/>\n<meta property=\"og:title\" content=\"Postex f\u00fcr Beh\u00f6rden &#8226; Sicher und gezielt kommunizieren\" \/>\n<meta property=\"og:description\" content=\"Erhalten Sie Einblick in Dokumentenfl\u00fcsse, liefern Sie in die Nachrichtenbox und erm\u00f6glichen Sie Online-Zahlung \u2013 mit Postex.\" \/>\n<meta property=\"og:url\" content=\"https:\/\/www.postex.com\/de\/plattform\/kommunen\/\" \/>\n<meta property=\"og:site_name\" content=\"Postex\" \/>\n<meta property=\"article:publisher\" content=\"https:\/\/www.facebook.com\/postexnl\/\" \/>\n<meta property=\"article:modified_time\" content=\"2026-02-17T14:16:17+00:00\" \/>\n<meta name=\"twitter:card\" content=\"summary_large_image\" \/>\n<meta name=\"twitter:site\" content=\"@postex_nl\" \/>\n<script type=\"application\/ld+json\" class=\"yoast-schema-graph\">{\"@context\":\"https:\\\/\\\/schema.org\",\"@graph\":[{\"@type\":\"WebPage\",\"@id\":\"https:\\\/\\\/www.postex.com\\\/de\\\/plattform\\\/kommunen\\\/\",\"url\":\"https:\\\/\\\/www.postex.com\\\/de\\\/plattform\\\/kommunen\\\/\",\"name\":\"Postex f\u00fcr Beh\u00f6rden &#8226; Sicher und gezielt kommunizieren\",\"isPartOf\":{\"@id\":\"https:\\\/\\\/www.postex.com\\\/#website\"},\"datePublished\":\"2025-05-01T15:30:10+00:00\",\"dateModified\":\"2026-02-17T14:16:17+00:00\",\"description\":\"Erhalten Sie Einblick in Dokumentenfl\u00fcsse, liefern Sie in die Nachrichtenbox und erm\u00f6glichen Sie Online-Zahlung \u2013 mit Postex.\",\"breadcrumb\":{\"@id\":\"https:\\\/\\\/www.postex.com\\\/de\\\/plattform\\\/kommunen\\\/#breadcrumb\"},\"inLanguage\":\"de-DE\",\"potentialAction\":[{\"@type\":\"ReadAction\",\"target\":[\"https:\\\/\\\/www.postex.com\\\/de\\\/plattform\\\/kommunen\\\/\"]}]},{\"@type\":\"BreadcrumbList\",\"@id\":\"https:\\\/\\\/www.postex.com\\\/de\\\/plattform\\\/kommunen\\\/#breadcrumb\",\"itemListElement\":[{\"@type\":\"ListItem\",\"position\":1,\"name\":\"Home\",\"item\":\"https:\\\/\\\/www.postex.com\\\/de\\\/\"},{\"@type\":\"ListItem\",\"position\":2,\"name\":\"Plattform\",\"item\":\"https:\\\/\\\/www.postex.com\\\/de\\\/plattform\\\/\"},{\"@type\":\"ListItem\",\"position\":3,\"name\":\"Kommunen\"}]},{\"@type\":\"WebSite\",\"@id\":\"https:\\\/\\\/www.postex.com\\\/#website\",\"url\":\"https:\\\/\\\/www.postex.com\\\/\",\"name\":\"Postex\",\"description\":\"Automatiseer klantcommunicatie en realiseer meetbare resultaten\",\"publisher\":{\"@id\":\"https:\\\/\\\/www.postex.com\\\/#organization\"},\"potentialAction\":[{\"@type\":\"SearchAction\",\"target\":{\"@type\":\"EntryPoint\",\"urlTemplate\":\"https:\\\/\\\/www.postex.com\\\/?s={search_term_string}\"},\"query-input\":{\"@type\":\"PropertyValueSpecification\",\"valueRequired\":true,\"valueName\":\"search_term_string\"}}],\"inLanguage\":\"de-DE\"},{\"@type\":\"Organization\",\"@id\":\"https:\\\/\\\/www.postex.com\\\/#organization\",\"name\":\"Postex Nederland BV\",\"url\":\"https:\\\/\\\/www.postex.com\\\/\",\"logo\":{\"@type\":\"ImageObject\",\"inLanguage\":\"de-DE\",\"@id\":\"https:\\\/\\\/www.postex.com\\\/#\\\/schema\\\/logo\\\/image\\\/\",\"url\":\"https:\\\/\\\/www.postex.com\\\/wp-content\\\/uploads\\\/2021\\\/02\\\/logo.svg\",\"contentUrl\":\"https:\\\/\\\/www.postex.com\\\/wp-content\\\/uploads\\\/2021\\\/02\\\/logo.svg\",\"caption\":\"Postex Nederland BV\"},\"image\":{\"@id\":\"https:\\\/\\\/www.postex.com\\\/#\\\/schema\\\/logo\\\/image\\\/\"},\"sameAs\":[\"https:\\\/\\\/www.facebook.com\\\/postexnl\\\/\",\"https:\\\/\\\/x.com\\\/postex_nl\",\"https:\\\/\\\/www.linkedin.com\\\/company\\\/postex\\\/\"]}]}<\/script>\n<!-- \/ Yoast SEO plugin. -->","yoast_head_json":{"title":"Postex f\u00fcr Beh\u00f6rden &#8226; Sicher und gezielt kommunizieren","description":"Erhalten Sie Einblick in Dokumentenfl\u00fcsse, liefern Sie in die Nachrichtenbox und erm\u00f6glichen Sie Online-Zahlung \u2013 mit Postex.","robots":{"index":"index","follow":"follow","max-snippet":"max-snippet:-1","max-image-preview":"max-image-preview:large","max-video-preview":"max-video-preview:-1"},"canonical":"https:\/\/www.postex.com\/de\/plattform\/kommunen\/","og_locale":"de_DE","og_type":"article","og_title":"Postex f\u00fcr Beh\u00f6rden &#8226; Sicher und gezielt kommunizieren","og_description":"Erhalten Sie Einblick in Dokumentenfl\u00fcsse, liefern Sie in die Nachrichtenbox und erm\u00f6glichen Sie Online-Zahlung \u2013 mit Postex.","og_url":"https:\/\/www.postex.com\/de\/plattform\/kommunen\/","og_site_name":"Postex","article_publisher":"https:\/\/www.facebook.com\/postexnl\/","article_modified_time":"2026-02-17T14:16:17+00:00","twitter_card":"summary_large_image","twitter_site":"@postex_nl","schema":{"@context":"https:\/\/schema.org","@graph":[{"@type":"WebPage","@id":"https:\/\/www.postex.com\/de\/plattform\/kommunen\/","url":"https:\/\/www.postex.com\/de\/plattform\/kommunen\/","name":"Postex f\u00fcr Beh\u00f6rden &#8226; Sicher und gezielt kommunizieren","isPartOf":{"@id":"https:\/\/www.postex.com\/#website"},"datePublished":"2025-05-01T15:30:10+00:00","dateModified":"2026-02-17T14:16:17+00:00","description":"Erhalten Sie Einblick in Dokumentenfl\u00fcsse, liefern Sie in die Nachrichtenbox und erm\u00f6glichen Sie Online-Zahlung \u2013 mit Postex.","breadcrumb":{"@id":"https:\/\/www.postex.com\/de\/plattform\/kommunen\/#breadcrumb"},"inLanguage":"de-DE","potentialAction":[{"@type":"ReadAction","target":["https:\/\/www.postex.com\/de\/plattform\/kommunen\/"]}]},{"@type":"BreadcrumbList","@id":"https:\/\/www.postex.com\/de\/plattform\/kommunen\/#breadcrumb","itemListElement":[{"@type":"ListItem","position":1,"name":"Home","item":"https:\/\/www.postex.com\/de\/"},{"@type":"ListItem","position":2,"name":"Plattform","item":"https:\/\/www.postex.com\/de\/plattform\/"},{"@type":"ListItem","position":3,"name":"Kommunen"}]},{"@type":"WebSite","@id":"https:\/\/www.postex.com\/#website","url":"https:\/\/www.postex.com\/","name":"Postex","description":"Automatiseer klantcommunicatie en realiseer meetbare resultaten","publisher":{"@id":"https:\/\/www.postex.com\/#organization"},"potentialAction":[{"@type":"SearchAction","target":{"@type":"EntryPoint","urlTemplate":"https:\/\/www.postex.com\/?s={search_term_string}"},"query-input":{"@type":"PropertyValueSpecification","valueRequired":true,"valueName":"search_term_string"}}],"inLanguage":"de-DE"},{"@type":"Organization","@id":"https:\/\/www.postex.com\/#organization","name":"Postex Nederland BV","url":"https:\/\/www.postex.com\/","logo":{"@type":"ImageObject","inLanguage":"de-DE","@id":"https:\/\/www.postex.com\/#\/schema\/logo\/image\/","url":"https:\/\/www.postex.com\/wp-content\/uploads\/2021\/02\/logo.svg","contentUrl":"https:\/\/www.postex.com\/wp-content\/uploads\/2021\/02\/logo.svg","caption":"Postex Nederland BV"},"image":{"@id":"https:\/\/www.postex.com\/#\/schema\/logo\/image\/"},"sameAs":["https:\/\/www.facebook.com\/postexnl\/","https:\/\/x.com\/postex_nl","https:\/\/www.linkedin.com\/company\/postex\/"]}]}},"_links":{"self":[{"href":"https:\/\/www.postex.com\/de\/wp-json\/wp\/v2\/pages\/38782","targetHints":{"allow":["GET"]}}],"collection":[{"href":"https:\/\/www.postex.com\/de\/wp-json\/wp\/v2\/pages"}],"about":[{"href":"https:\/\/www.postex.com\/de\/wp-json\/wp\/v2\/types\/page"}],"author":[{"embeddable":true,"href":"https:\/\/www.postex.com\/de\/wp-json\/wp\/v2\/users\/1"}],"replies":[{"embeddable":true,"href":"https:\/\/www.postex.com\/de\/wp-json\/wp\/v2\/comments?post=38782"}],"version-history":[{"count":0,"href":"https:\/\/www.postex.com\/de\/wp-json\/wp\/v2\/pages\/38782\/revisions"}],"up":[{"embeddable":true,"href":"https:\/\/www.postex.com\/de\/wp-json\/wp\/v2\/pages\/1993"}],"wp:attachment":[{"href":"https:\/\/www.postex.com\/de\/wp-json\/wp\/v2\/media?parent=38782"}],"curies":[{"name":"wp","href":"https:\/\/api.w.org\/{rel}","templated":true}]}}